{"id":1872,"date":"2023-08-03T16:18:40","date_gmt":"2023-08-03T19:18:40","guid":{"rendered":"https:\/\/observatoriodecampina.com\/?page_id=1872"},"modified":"2023-08-03T16:19:58","modified_gmt":"2023-08-03T19:19:58","slug":"massaranduba","status":"publish","type":"page","link":"https:\/\/observatoriodecampina.com\/?page_id=1872","title":{"rendered":"Massaranduba"},"content":{"rendered":"\t\t<div data-elementor-type=\"wp-page\" data-elementor-id=\"1872\" class=\"elementor elementor-1872\" data-elementor-post-type=\"page\">\n\t\t\t\t\t\t<section class=\"elementor-section elementor-top-section elementor-element elementor-element-6f75426 elementor-section-boxed elementor-section-height-default elementor-section-height-default\" data-id=\"6f75426\" data-element_type=\"section\" data-e-type=\"section\">\n\t\t\t\t\t\t<div class=\"elementor-container elementor-column-gap-default\">\n\t\t\t\t\t<div class=\"elementor-column elementor-col-100 elementor-top-column elementor-element elementor-element-b00ac3b\" data-id=\"b00ac3b\" data-element_type=\"column\" data-e-type=\"column\">\n\t\t\t<div class=\"elementor-widget-wrap elementor-element-populated\">\n\t\t\t\t\t\t<div class=\"elementor-element elementor-element-3f77a44 elementor-widget elementor-widget-image\" data-id=\"3f77a44\" data-element_type=\"widget\" data-e-type=\"widget\" data-widget_type=\"image.default\">\n\t\t\t\t<div class=\"elementor-widget-container\">\n\t\t\t\t\t\t\t\t\t\t\t\t\t\t\t<img fetchpriority=\"high\" decoding=\"async\" width=\"1024\" height=\"685\" src=\"https:\/\/observatoriodecampina.com\/wp-content\/uploads\/2023\/08\/massaranduba-1024x685.jpg\" class=\"attachment-large size-large wp-image-1874\" alt=\"\" srcset=\"https:\/\/observatoriodecampina.com\/wp-content\/uploads\/2023\/08\/massaranduba-1024x685.jpg 1024w, https:\/\/observatoriodecampina.com\/wp-content\/uploads\/2023\/08\/massaranduba-300x201.jpg 300w, https:\/\/observatoriodecampina.com\/wp-content\/uploads\/2023\/08\/massaranduba-768x514.jpg 768w, https:\/\/observatoriodecampina.com\/wp-content\/uploads\/2023\/08\/massaranduba-1536x1028.jpg 1536w, https:\/\/observatoriodecampina.com\/wp-content\/uploads\/2023\/08\/massaranduba.jpg 1600w\" sizes=\"(max-width: 1024px) 100vw, 1024px\" \/>\t\t\t\t\t\t\t\t\t\t\t\t\t\t\t<\/div>\n\t\t\t\t<\/div>\n\t\t\t\t\t<\/div>\n\t\t<\/div>\n\t\t\t\t\t<\/div>\n\t\t<\/section>\n\t\t\t\t<section class=\"elementor-section elementor-top-section elementor-element elementor-element-68f16de elementor-section-boxed elementor-section-height-default elementor-section-height-default\" data-id=\"68f16de\" data-element_type=\"section\" data-e-type=\"section\">\n\t\t\t\t\t\t<div class=\"elementor-container elementor-column-gap-default\">\n\t\t\t\t\t<div class=\"elementor-column elementor-col-100 elementor-top-column elementor-element elementor-element-7846827\" data-id=\"7846827\" data-element_type=\"column\" data-e-type=\"column\">\n\t\t\t<div class=\"elementor-widget-wrap elementor-element-populated\">\n\t\t\t\t\t\t<div class=\"elementor-element elementor-element-9c7b6da elementor-widget elementor-widget-heading\" data-id=\"9c7b6da\" data-element_type=\"widget\" data-e-type=\"widget\" data-widget_type=\"heading.default\">\n\t\t\t\t<div class=\"elementor-widget-container\">\n\t\t\t\t\t<h2 class=\"elementor-heading-title elementor-size-default\">Popula\u00e7\u00e3o Residente<\/h2>\t\t\t\t<\/div>\n\t\t\t\t<\/div>\n\t\t\t\t\t<\/div>\n\t\t<\/div>\n\t\t\t\t\t<\/div>\n\t\t<\/section>\n\t\t\t\t<section class=\"elementor-section elementor-top-section elementor-element elementor-element-6c25556 elementor-section-boxed elementor-section-height-default elementor-section-height-default\" data-id=\"6c25556\" data-element_type=\"section\" data-e-type=\"section\">\n\t\t\t\t\t\t<div class=\"elementor-container elementor-column-gap-default\">\n\t\t\t\t\t<div class=\"elementor-column elementor-col-100 elementor-top-column elementor-element elementor-element-2a3b77c\" data-id=\"2a3b77c\" data-element_type=\"column\" data-e-type=\"column\">\n\t\t\t<div class=\"elementor-widget-wrap elementor-element-populated\">\n\t\t\t\t\t\t<div class=\"elementor-element elementor-element-f235729 elementor-widget elementor-widget-html\" data-id=\"f235729\" data-element_type=\"widget\" data-e-type=\"widget\" data-widget_type=\"html.default\">\n\t\t\t\t<div class=\"elementor-widget-container\">\n\t\t\t\t\t<!DOCTYPE html PUBLIC \"-\/\/W3C\/\/DTD XHTML 1.0 Strict\/\/EN\" \"http:\/\/www.w3.org\/TR\/xhtml1\/DTD\/xhtml1-strict.dtd\">\r\n<html xmlns=\"http:\/\/www.w3.org\/1999\/xhtml\" lang=\"pt-br\" xml:lang=\"pt-br\">\r\n    <head>\r\n        <link href=\"https:\/\/sidra.ibge.gov.br\/content\/sidra-widget-tabela.css\" rel=\"stylesheet\" \/>\r\n        <script type=\"text\/javascript\" src=\"https:\/\/sidra.ibge.gov.br\/scripts\/sidra-widget-tabela.js\"><\/script>\r\n    <\/head>\r\n    <body>\r\n        <div data-selection=\"t\/1378\/n3\/25\/n6\/2509206\/v\/allxp\/p\/all\/c1\/all\/c2\/all\/c287\/0\/c455\/0\/l\/v,p+c1+c2,t+c287+c455\" class=\"sidra-widget-table\">\r\n        <\/div>\r\n    <\/body>\r\n<\/html>\t\t\t\t<\/div>\n\t\t\t\t<\/div>\n\t\t\t\t\t<\/div>\n\t\t<\/div>\n\t\t\t\t\t<\/div>\n\t\t<\/section>\n\t\t\t\t<section class=\"elementor-section elementor-top-section elementor-element elementor-element-33f6ec0 elementor-section-boxed elementor-section-height-default elementor-section-height-default\" data-id=\"33f6ec0\" data-element_type=\"section\" data-e-type=\"section\">\n\t\t\t\t\t\t<div class=\"elementor-container elementor-column-gap-default\">\n\t\t\t\t\t<div class=\"elementor-column elementor-col-100 elementor-top-column elementor-element elementor-element-7aeb60a\" data-id=\"7aeb60a\" data-element_type=\"column\" data-e-type=\"column\">\n\t\t\t<div class=\"elementor-widget-wrap elementor-element-populated\">\n\t\t\t\t\t\t<div class=\"elementor-element elementor-element-421d94e elementor-widget elementor-widget-heading\" data-id=\"421d94e\" data-element_type=\"widget\" data-e-type=\"widget\" data-widget_type=\"heading.default\">\n\t\t\t\t<div class=\"elementor-widget-container\">\n\t\t\t\t\t<h2 class=\"elementor-heading-title elementor-size-default\">Uso de \u00c1gua<\/h2>\t\t\t\t<\/div>\n\t\t\t\t<\/div>\n\t\t\t\t\t<\/div>\n\t\t<\/div>\n\t\t\t\t\t<\/div>\n\t\t<\/section>\n\t\t\t\t<section class=\"elementor-section elementor-top-section elementor-element elementor-element-fe49064 elementor-section-boxed elementor-section-height-default elementor-section-height-default\" data-id=\"fe49064\" data-element_type=\"section\" data-e-type=\"section\">\n\t\t\t\t\t\t<div class=\"elementor-container elementor-column-gap-default\">\n\t\t\t\t\t<div class=\"elementor-column elementor-col-100 elementor-top-column elementor-element elementor-element-1e0e8a8\" data-id=\"1e0e8a8\" data-element_type=\"column\" data-e-type=\"column\">\n\t\t\t<div class=\"elementor-widget-wrap elementor-element-populated\">\n\t\t\t\t\t\t<div class=\"elementor-element elementor-element-8d7a053 elementor-widget elementor-widget-html\" data-id=\"8d7a053\" data-element_type=\"widget\" data-e-type=\"widget\" data-widget_type=\"html.default\">\n\t\t\t\t<div class=\"elementor-widget-container\">\n\t\t\t\t\t<!DOCTYPE html PUBLIC \"-\/\/W3C\/\/DTD XHTML 1.0 Strict\/\/EN\" \"http:\/\/www.w3.org\/TR\/xhtml1\/DTD\/xhtml1-strict.dtd\">\r\n<html xmlns=\"http:\/\/www.w3.org\/1999\/xhtml\" lang=\"pt-br\" xml:lang=\"pt-br\">\r\n    <head>\r\n        <link href=\"https:\/\/sidra.ibge.gov.br\/content\/sidra-widget-tabela.css\" rel=\"stylesheet\" \/>\r\n        <script type=\"text\/javascript\" src=\"https:\/\/sidra.ibge.gov.br\/scripts\/sidra-widget-tabela.js\"><\/script>\r\n    <\/head>\r\n    <body>\r\n        <div data-selection=\"t\/1773\/n3\/25\/n6\/2509206\/v\/allxp\/p\/last 1\/c11974\/98409,98410,98463\/l\/v,p+c11974,t\" class=\"sidra-widget-table\">\r\n        <\/div>\r\n    <\/body>\r\n<\/html>\t\t\t\t<\/div>\n\t\t\t\t<\/div>\n\t\t\t\t\t<\/div>\n\t\t<\/div>\n\t\t\t\t\t<\/div>\n\t\t<\/section>\n\t\t\t\t<section class=\"elementor-section elementor-top-section elementor-element elementor-element-25d7b90 elementor-section-boxed elementor-section-height-default elementor-section-height-default\" data-id=\"25d7b90\" data-element_type=\"section\" data-e-type=\"section\">\n\t\t\t\t\t\t<div class=\"elementor-container elementor-column-gap-default\">\n\t\t\t\t\t<div class=\"elementor-column elementor-col-100 elementor-top-column elementor-element elementor-element-fdbe02c\" data-id=\"fdbe02c\" data-element_type=\"column\" data-e-type=\"column\">\n\t\t\t<div class=\"elementor-widget-wrap elementor-element-populated\">\n\t\t\t\t\t\t<div class=\"elementor-element elementor-element-34fdac0 elementor-widget elementor-widget-heading\" data-id=\"34fdac0\" data-element_type=\"widget\" data-e-type=\"widget\" data-widget_type=\"heading.default\">\n\t\t\t\t<div class=\"elementor-widget-container\">\n\t\t\t\t\t<h2 class=\"elementor-heading-title elementor-size-default\">Produ\u00e7\u00e3o Agropecu\u00e1ria<\/h2>\t\t\t\t<\/div>\n\t\t\t\t<\/div>\n\t\t\t\t\t<\/div>\n\t\t<\/div>\n\t\t\t\t\t<\/div>\n\t\t<\/section>\n\t\t\t\t<section class=\"elementor-section elementor-top-section elementor-element elementor-element-61d75ba elementor-section-boxed elementor-section-height-default elementor-section-height-default\" data-id=\"61d75ba\" data-element_type=\"section\" data-e-type=\"section\">\n\t\t\t\t\t\t<div class=\"elementor-container elementor-column-gap-default\">\n\t\t\t\t\t<div class=\"elementor-column elementor-col-100 elementor-top-column elementor-element elementor-element-8ab1554\" data-id=\"8ab1554\" data-element_type=\"column\" data-e-type=\"column\">\n\t\t\t<div class=\"elementor-widget-wrap elementor-element-populated\">\n\t\t\t\t\t\t<div class=\"elementor-element elementor-element-91fb4fa elementor-widget elementor-widget-html\" data-id=\"91fb4fa\" data-element_type=\"widget\" data-e-type=\"widget\" data-widget_type=\"html.default\">\n\t\t\t\t<div class=\"elementor-widget-container\">\n\t\t\t\t\t<!DOCTYPE html PUBLIC \"-\/\/W3C\/\/DTD XHTML 1.0 Strict\/\/EN\" \"http:\/\/www.w3.org\/TR\/xhtml1\/DTD\/xhtml1-strict.dtd\">\r\n<html xmlns=\"http:\/\/www.w3.org\/1999\/xhtml\" lang=\"pt-br\" xml:lang=\"pt-br\">\r\n    <head>\r\n        <link href=\"https:\/\/sidra.ibge.gov.br\/content\/sidra-widget-tabela.css\" rel=\"stylesheet\" \/>\r\n        <script type=\"text\/javascript\" src=\"https:\/\/sidra.ibge.gov.br\/scripts\/sidra-widget-tabela.js\"><\/script>\r\n    <\/head>\r\n    <body>\r\n        <div data-selection=\"t\/6960\/n3\/25\/n6\/2509206\/v\/10098\/p\/all\/c829\/46302,46304\/c12528\/113870\/c218\/46502\/c12517\/113601\/l\/v,p+c829+c12528,t+c218+c12517\" class=\"sidra-widget-table\">\r\n        <\/div>\r\n    <\/body>\r\n<\/html>\t\t\t\t<\/div>\n\t\t\t\t<\/div>\n\t\t\t\t\t<\/div>\n\t\t<\/div>\n\t\t\t\t\t<\/div>\n\t\t<\/section>\n\t\t\t\t<\/div>\n\t\t","protected":false},"excerpt":{"rendered":"<p>Popula\u00e7\u00e3o Residente Uso de \u00c1gua Produ\u00e7\u00e3o Agropecu\u00e1ria<\/p>\n","protected":false},"author":1,"featured_media":0,"parent":0,"menu_order":0,"comment_status":"closed","ping_status":"closed","template":"","meta":{"site-sidebar-layout":"no-sidebar","site-content-layout":"page-builder","ast-site-content-layout":"default","site-content-style":"default","site-sidebar-style":"default","ast-global-header-display":"","ast-banner-title-visibility":"","ast-main-header-display":"","ast-hfb-above-header-display":"","ast-hfb-below-header-display":"","ast-hfb-mobile-header-display":"","site-post-title":"disabled","ast-breadcrumbs-content":"","ast-featured-img":"disabled","footer-sml-layout":"","ast-disable-related-posts":"","theme-transparent-header-meta":"","adv-header-id-meta":"","stick-header-meta":"","header-above-stick-meta":"","header-main-stick-meta":"","header-below-stick-meta":"","astra-migrate-meta-layouts":"default","ast-page-background-enabled":"default","ast-page-background-meta":{"desktop":{"background-color":"var(--ast-global-color-4)","background-image":"","background-repeat":"repeat","background-position":"center center","background-size":"auto","background-attachment":"scroll","background-type":"","background-media":"","overlay-type":"","overlay-color":"","overlay-opacity":"","overlay-gradient":""},"tablet":{"background-color":"","background-image":"","background-repeat":"repeat","background-position":"center center","background-size":"auto","background-attachment":"scroll","background-type":"","background-media":"","overlay-type":"","overlay-color":"","overlay-opacity":"","overlay-gradient":""},"mobile":{"background-color":"","background-image":"","background-repeat":"repeat","background-position":"center center","background-size":"auto","background-attachment":"scroll","background-type":"","background-media":"","overlay-type":"","overlay-color":"","overlay-opacity":"","overlay-gradient":""}},"ast-content-background-meta":{"desktop":{"background-color":"var(--ast-global-color-5)","background-image":"","background-repeat":"repeat","background-position":"center center","background-size":"auto","background-attachment":"scroll","background-type":"","background-media":"","overlay-type":"","overlay-color":"","overlay-opacity":"","overlay-gradient":""},"tablet":{"background-color":"var(--ast-global-color-5)","background-image":"","background-repeat":"repeat","background-position":"center center","background-size":"auto","background-attachment":"scroll","background-type":"","background-media":"","overlay-type":"","overlay-color":"","overlay-opacity":"","overlay-gradient":""},"mobile":{"background-color":"var(--ast-global-color-5)","background-image":"","background-repeat":"repeat","background-position":"center center","background-size":"auto","background-attachment":"scroll","background-type":"","background-media":"","overlay-type":"","overlay-color":"","overlay-opacity":"","overlay-gradient":""}},"footnotes":""},"class_list":["post-1872","page","type-page","status-publish","hentry"],"aioseo_notices":[],"_links":{"self":[{"href":"https:\/\/observatoriodecampina.com\/index.php?rest_route=\/wp\/v2\/pages\/1872","targetHints":{"allow":["GET"]}}],"collection":[{"href":"https:\/\/observatoriodecampina.com\/index.php?rest_route=\/wp\/v2\/pages"}],"about":[{"href":"https:\/\/observatoriodecampina.com\/index.php?rest_route=\/wp\/v2\/types\/page"}],"author":[{"embeddable":true,"href":"https:\/\/observatoriodecampina.com\/index.php?rest_route=\/wp\/v2\/users\/1"}],"replies":[{"embeddable":true,"href":"https:\/\/observatoriodecampina.com\/index.php?rest_route=%2Fwp%2Fv2%2Fcomments&post=1872"}],"version-history":[{"count":4,"href":"https:\/\/observatoriodecampina.com\/index.php?rest_route=\/wp\/v2\/pages\/1872\/revisions"}],"predecessor-version":[{"id":1878,"href":"https:\/\/observatoriodecampina.com\/index.php?rest_route=\/wp\/v2\/pages\/1872\/revisions\/1878"}],"wp:attachment":[{"href":"https:\/\/observatoriodecampina.com\/index.php?rest_route=%2Fwp%2Fv2%2Fmedia&parent=1872"}],"curies":[{"name":"wp","href":"https:\/\/api.w.org\/{rel}","templated":true}]}}