{"id":1991,"date":"2023-08-03T20:32:46","date_gmt":"2023-08-03T23:32:46","guid":{"rendered":"https:\/\/observatoriodecampina.com\/?page_id=1991"},"modified":"2023-08-03T23:03:26","modified_gmt":"2023-08-04T02:03:26","slug":"ouro-branco","status":"publish","type":"page","link":"https:\/\/observatoriodecampina.com\/?page_id=1991","title":{"rendered":"Ouro Velho"},"content":{"rendered":"\t\t<div data-elementor-type=\"wp-page\" data-elementor-id=\"1991\" class=\"elementor elementor-1991\" data-elementor-post-type=\"page\">\n\t\t\t\t\t\t<section class=\"elementor-section elementor-top-section elementor-element elementor-element-472110f elementor-section-boxed elementor-section-height-default elementor-section-height-default\" data-id=\"472110f\" data-element_type=\"section\" data-e-type=\"section\">\n\t\t\t\t\t\t<div class=\"elementor-container elementor-column-gap-default\">\n\t\t\t\t\t<div class=\"elementor-column elementor-col-100 elementor-top-column elementor-element elementor-element-8fdc7ab\" data-id=\"8fdc7ab\" data-element_type=\"column\" data-e-type=\"column\">\n\t\t\t<div class=\"elementor-widget-wrap elementor-element-populated\">\n\t\t\t\t\t\t<div class=\"elementor-element elementor-element-1e97425 elementor-widget elementor-widget-image\" data-id=\"1e97425\" data-element_type=\"widget\" data-e-type=\"widget\" data-widget_type=\"image.default\">\n\t\t\t\t<div class=\"elementor-widget-container\">\n\t\t\t\t\t\t\t\t\t\t\t\t\t\t\t<img fetchpriority=\"high\" decoding=\"async\" width=\"400\" height=\"250\" src=\"https:\/\/observatoriodecampina.com\/wp-content\/uploads\/2023\/08\/ouro-velho.jpg\" class=\"attachment-large size-large wp-image-1993\" alt=\"\" srcset=\"https:\/\/observatoriodecampina.com\/wp-content\/uploads\/2023\/08\/ouro-velho.jpg 400w, https:\/\/observatoriodecampina.com\/wp-content\/uploads\/2023\/08\/ouro-velho-300x188.jpg 300w\" sizes=\"(max-width: 400px) 100vw, 400px\" \/>\t\t\t\t\t\t\t\t\t\t\t\t\t\t\t<\/div>\n\t\t\t\t<\/div>\n\t\t\t\t\t<\/div>\n\t\t<\/div>\n\t\t\t\t\t<\/div>\n\t\t<\/section>\n\t\t\t\t<section class=\"elementor-section elementor-top-section elementor-element elementor-element-7cd5670 elementor-section-boxed elementor-section-height-default elementor-section-height-default\" data-id=\"7cd5670\" data-element_type=\"section\" data-e-type=\"section\">\n\t\t\t\t\t\t<div class=\"elementor-container elementor-column-gap-default\">\n\t\t\t\t\t<div class=\"elementor-column elementor-col-100 elementor-top-column elementor-element elementor-element-62e6c8d\" data-id=\"62e6c8d\" data-element_type=\"column\" data-e-type=\"column\">\n\t\t\t<div class=\"elementor-widget-wrap elementor-element-populated\">\n\t\t\t\t\t\t<div class=\"elementor-element elementor-element-22c926d elementor-widget elementor-widget-heading\" data-id=\"22c926d\" data-element_type=\"widget\" data-e-type=\"widget\" data-widget_type=\"heading.default\">\n\t\t\t\t<div class=\"elementor-widget-container\">\n\t\t\t\t\t<h2 class=\"elementor-heading-title elementor-size-default\">Popula\u00e7\u00e3o Residente<\/h2>\t\t\t\t<\/div>\n\t\t\t\t<\/div>\n\t\t\t\t\t<\/div>\n\t\t<\/div>\n\t\t\t\t\t<\/div>\n\t\t<\/section>\n\t\t\t\t<section class=\"elementor-section elementor-top-section elementor-element elementor-element-de18e3a elementor-section-boxed elementor-section-height-default elementor-section-height-default\" data-id=\"de18e3a\" data-element_type=\"section\" data-e-type=\"section\">\n\t\t\t\t\t\t<div class=\"elementor-container elementor-column-gap-default\">\n\t\t\t\t\t<div class=\"elementor-column elementor-col-100 elementor-top-column elementor-element elementor-element-4efa97f\" data-id=\"4efa97f\" data-element_type=\"column\" data-e-type=\"column\">\n\t\t\t<div class=\"elementor-widget-wrap elementor-element-populated\">\n\t\t\t\t\t\t<div class=\"elementor-element elementor-element-b11caca elementor-widget elementor-widget-html\" data-id=\"b11caca\" data-element_type=\"widget\" data-e-type=\"widget\" data-widget_type=\"html.default\">\n\t\t\t\t<div class=\"elementor-widget-container\">\n\t\t\t\t\t<!DOCTYPE html PUBLIC \"-\/\/W3C\/\/DTD XHTML 1.0 Strict\/\/EN\" \"http:\/\/www.w3.org\/TR\/xhtml1\/DTD\/xhtml1-strict.dtd\">\r\n<html xmlns=\"http:\/\/www.w3.org\/1999\/xhtml\" lang=\"pt-br\" xml:lang=\"pt-br\">\r\n    <head>\r\n        <link href=\"https:\/\/sidra.ibge.gov.br\/content\/sidra-widget-tabela.css\" rel=\"stylesheet\" \/>\r\n        <script type=\"text\/javascript\" src=\"https:\/\/sidra.ibge.gov.br\/scripts\/sidra-widget-tabela.js\"><\/script>\r\n    <\/head>\r\n    <body>\r\n        <div data-selection=\"t\/1378\/n3\/25\/n6\/2510600\/v\/allxp\/p\/all\/c1\/all\/c2\/all\/c287\/0\/c455\/0\/l\/v,p+c1+c2,t+c287+c455\" class=\"sidra-widget-table\">\r\n        <\/div>\r\n    <\/body>\r\n<\/html>\t\t\t\t<\/div>\n\t\t\t\t<\/div>\n\t\t\t\t\t<\/div>\n\t\t<\/div>\n\t\t\t\t\t<\/div>\n\t\t<\/section>\n\t\t\t\t<section class=\"elementor-section elementor-top-section elementor-element elementor-element-096ef4b elementor-section-boxed elementor-section-height-default elementor-section-height-default\" data-id=\"096ef4b\" data-element_type=\"section\" data-e-type=\"section\">\n\t\t\t\t\t\t<div class=\"elementor-container elementor-column-gap-default\">\n\t\t\t\t\t<div class=\"elementor-column elementor-col-100 elementor-top-column elementor-element elementor-element-2cdc4c7\" data-id=\"2cdc4c7\" data-element_type=\"column\" data-e-type=\"column\">\n\t\t\t<div class=\"elementor-widget-wrap elementor-element-populated\">\n\t\t\t\t\t\t<div class=\"elementor-element elementor-element-981c1ca elementor-widget elementor-widget-heading\" data-id=\"981c1ca\" data-element_type=\"widget\" data-e-type=\"widget\" data-widget_type=\"heading.default\">\n\t\t\t\t<div class=\"elementor-widget-container\">\n\t\t\t\t\t<h2 class=\"elementor-heading-title elementor-size-default\">Uso de \u00c1gua<\/h2>\t\t\t\t<\/div>\n\t\t\t\t<\/div>\n\t\t\t\t\t<\/div>\n\t\t<\/div>\n\t\t\t\t\t<\/div>\n\t\t<\/section>\n\t\t\t\t<section class=\"elementor-section elementor-top-section elementor-element elementor-element-2512360 elementor-section-boxed elementor-section-height-default elementor-section-height-default\" data-id=\"2512360\" data-element_type=\"section\" data-e-type=\"section\">\n\t\t\t\t\t\t<div class=\"elementor-container elementor-column-gap-default\">\n\t\t\t\t\t<div class=\"elementor-column elementor-col-100 elementor-top-column elementor-element elementor-element-d79747f\" data-id=\"d79747f\" data-element_type=\"column\" data-e-type=\"column\">\n\t\t\t<div class=\"elementor-widget-wrap elementor-element-populated\">\n\t\t\t\t\t\t<div class=\"elementor-element elementor-element-ca3a3ee elementor-widget elementor-widget-html\" data-id=\"ca3a3ee\" data-element_type=\"widget\" data-e-type=\"widget\" data-widget_type=\"html.default\">\n\t\t\t\t<div class=\"elementor-widget-container\">\n\t\t\t\t\t<!DOCTYPE html PUBLIC \"-\/\/W3C\/\/DTD XHTML 1.0 Strict\/\/EN\" \"http:\/\/www.w3.org\/TR\/xhtml1\/DTD\/xhtml1-strict.dtd\">\r\n<html xmlns=\"http:\/\/www.w3.org\/1999\/xhtml\" lang=\"pt-br\" xml:lang=\"pt-br\">\r\n    <head>\r\n        <link href=\"https:\/\/sidra.ibge.gov.br\/content\/sidra-widget-tabela.css\" rel=\"stylesheet\" \/>\r\n        <script type=\"text\/javascript\" src=\"https:\/\/sidra.ibge.gov.br\/scripts\/sidra-widget-tabela.js\"><\/script>\r\n    <\/head>\r\n    <body>\r\n        <div data-selection=\"t\/1773\/n3\/25\/n6\/2510600\/v\/allxp\/p\/last 1\/c11974\/98409,98410,98463\/l\/v,p+c11974,t\" class=\"sidra-widget-table\">\r\n        <\/div>\r\n    <\/body>\r\n<\/html>\t\t\t\t<\/div>\n\t\t\t\t<\/div>\n\t\t\t\t\t<\/div>\n\t\t<\/div>\n\t\t\t\t\t<\/div>\n\t\t<\/section>\n\t\t\t\t<section class=\"elementor-section elementor-top-section elementor-element elementor-element-f4e0fac elementor-section-boxed elementor-section-height-default elementor-section-height-default\" data-id=\"f4e0fac\" data-element_type=\"section\" data-e-type=\"section\">\n\t\t\t\t\t\t<div class=\"elementor-container elementor-column-gap-default\">\n\t\t\t\t\t<div class=\"elementor-column elementor-col-100 elementor-top-column elementor-element elementor-element-3001590\" data-id=\"3001590\" data-element_type=\"column\" data-e-type=\"column\">\n\t\t\t<div class=\"elementor-widget-wrap elementor-element-populated\">\n\t\t\t\t\t\t<div class=\"elementor-element elementor-element-7c65e96 elementor-widget elementor-widget-heading\" data-id=\"7c65e96\" data-element_type=\"widget\" data-e-type=\"widget\" data-widget_type=\"heading.default\">\n\t\t\t\t<div class=\"elementor-widget-container\">\n\t\t\t\t\t<h2 class=\"elementor-heading-title elementor-size-default\">Produ\u00e7\u00e3o Agropecu\u00e1ria<\/h2>\t\t\t\t<\/div>\n\t\t\t\t<\/div>\n\t\t\t\t\t<\/div>\n\t\t<\/div>\n\t\t\t\t\t<\/div>\n\t\t<\/section>\n\t\t\t\t<section class=\"elementor-section elementor-top-section elementor-element elementor-element-8dd027f elementor-section-boxed elementor-section-height-default elementor-section-height-default\" data-id=\"8dd027f\" data-element_type=\"section\" data-e-type=\"section\">\n\t\t\t\t\t\t<div class=\"elementor-container elementor-column-gap-default\">\n\t\t\t\t\t<div class=\"elementor-column elementor-col-100 elementor-top-column elementor-element elementor-element-5b1f012\" data-id=\"5b1f012\" data-element_type=\"column\" data-e-type=\"column\">\n\t\t\t<div class=\"elementor-widget-wrap elementor-element-populated\">\n\t\t\t\t\t\t<div class=\"elementor-element elementor-element-808fa95 elementor-widget elementor-widget-html\" data-id=\"808fa95\" data-element_type=\"widget\" data-e-type=\"widget\" data-widget_type=\"html.default\">\n\t\t\t\t<div class=\"elementor-widget-container\">\n\t\t\t\t\t<!DOCTYPE html PUBLIC \"-\/\/W3C\/\/DTD XHTML 1.0 Strict\/\/EN\" \"http:\/\/www.w3.org\/TR\/xhtml1\/DTD\/xhtml1-strict.dtd\">\r\n<html xmlns=\"http:\/\/www.w3.org\/1999\/xhtml\" lang=\"pt-br\" xml:lang=\"pt-br\">\r\n    <head>\r\n        <link href=\"https:\/\/sidra.ibge.gov.br\/content\/sidra-widget-tabela.css\" rel=\"stylesheet\" \/>\r\n        <script type=\"text\/javascript\" src=\"https:\/\/sidra.ibge.gov.br\/scripts\/sidra-widget-tabela.js\"><\/script>\r\n    <\/head>\r\n    <body>\r\n        <div data-selection=\"t\/6960\/n3\/25\/n6\/2510600\/v\/10098\/p\/all\/c829\/46302,46304\/c12528\/113870\/c218\/46502\/c12517\/113601\/l\/v,p+c829+c12528,t+c218+c12517\" class=\"sidra-widget-table\">\r\n        <\/div>\r\n    <\/body>\r\n<\/html>\t\t\t\t<\/div>\n\t\t\t\t<\/div>\n\t\t\t\t\t<\/div>\n\t\t<\/div>\n\t\t\t\t\t<\/div>\n\t\t<\/section>\n\t\t\t\t<\/div>\n\t\t","protected":false},"excerpt":{"rendered":"<p>Popula\u00e7\u00e3o Residente Uso de \u00c1gua Produ\u00e7\u00e3o Agropecu\u00e1ria<\/p>\n","protected":false},"author":1,"featured_media":0,"parent":0,"menu_order":0,"comment_status":"closed","ping_status":"closed","template":"","meta":{"site-sidebar-layout":"no-sidebar","site-content-layout":"page-builder","ast-site-content-layout":"default","site-content-style":"default","site-sidebar-style":"default","ast-global-header-display":"","ast-banner-title-visibility":"","ast-main-header-display":"","ast-hfb-above-header-display":"","ast-hfb-below-header-display":"","ast-hfb-mobile-header-display":"","site-post-title":"disabled","ast-breadcrumbs-content":"","ast-featured-img":"disabled","footer-sml-layout":"","ast-disable-related-posts":"","theme-transparent-header-meta":"","adv-header-id-meta":"","stick-header-meta":"","header-above-stick-meta":"","header-main-stick-meta":"","header-below-stick-meta":"","astra-migrate-meta-layouts":"default","ast-page-background-enabled":"default","ast-page-background-meta":{"desktop":{"background-color":"var(--ast-global-color-4)","background-image":"","background-repeat":"repeat","background-position":"center center","background-size":"auto","background-attachment":"scroll","background-type":"","background-media":"","overlay-type":"","overlay-color":"","overlay-opacity":"","overlay-gradient":""},"tablet":{"background-color":"","background-image":"","background-repeat":"repeat","background-position":"center center","background-size":"auto","background-attachment":"scroll","background-type":"","background-media":"","overlay-type":"","overlay-color":"","overlay-opacity":"","overlay-gradient":""},"mobile":{"background-color":"","background-image":"","background-repeat":"repeat","background-position":"center center","background-size":"auto","background-attachment":"scroll","background-type":"","background-media":"","overlay-type":"","overlay-color":"","overlay-opacity":"","overlay-gradient":""}},"ast-content-background-meta":{"desktop":{"background-color":"var(--ast-global-color-5)","background-image":"","background-repeat":"repeat","background-position":"center center","background-size":"auto","background-attachment":"scroll","background-type":"","background-media":"","overlay-type":"","overlay-color":"","overlay-opacity":"","overlay-gradient":""},"tablet":{"background-color":"var(--ast-global-color-5)","background-image":"","background-repeat":"repeat","background-position":"center center","background-size":"auto","background-attachment":"scroll","background-type":"","background-media":"","overlay-type":"","overlay-color":"","overlay-opacity":"","overlay-gradient":""},"mobile":{"background-color":"var(--ast-global-color-5)","background-image":"","background-repeat":"repeat","background-position":"center center","background-size":"auto","background-attachment":"scroll","background-type":"","background-media":"","overlay-type":"","overlay-color":"","overlay-opacity":"","overlay-gradient":""}},"footnotes":""},"class_list":["post-1991","page","type-page","status-publish","hentry"],"aioseo_notices":[],"_links":{"self":[{"href":"https:\/\/observatoriodecampina.com\/index.php?rest_route=\/wp\/v2\/pages\/1991","targetHints":{"allow":["GET"]}}],"collection":[{"href":"https:\/\/observatoriodecampina.com\/index.php?rest_route=\/wp\/v2\/pages"}],"about":[{"href":"https:\/\/observatoriodecampina.com\/index.php?rest_route=\/wp\/v2\/types\/page"}],"author":[{"embeddable":true,"href":"https:\/\/observatoriodecampina.com\/index.php?rest_route=\/wp\/v2\/users\/1"}],"replies":[{"embeddable":true,"href":"https:\/\/observatoriodecampina.com\/index.php?rest_route=%2Fwp%2Fv2%2Fcomments&post=1991"}],"version-history":[{"count":5,"href":"https:\/\/observatoriodecampina.com\/index.php?rest_route=\/wp\/v2\/pages\/1991\/revisions"}],"predecessor-version":[{"id":2159,"href":"https:\/\/observatoriodecampina.com\/index.php?rest_route=\/wp\/v2\/pages\/1991\/revisions\/2159"}],"wp:attachment":[{"href":"https:\/\/observatoriodecampina.com\/index.php?rest_route=%2Fwp%2Fv2%2Fmedia&parent=1991"}],"curies":[{"name":"wp","href":"https:\/\/api.w.org\/{rel}","templated":true}]}}