{"id":2051,"date":"2023-08-03T21:27:05","date_gmt":"2023-08-04T00:27:05","guid":{"rendered":"https:\/\/observatoriodecampina.com\/?page_id=2051"},"modified":"2023-08-03T23:04:07","modified_gmt":"2023-08-04T02:04:07","slug":"riachao-de-bacamarte","status":"publish","type":"page","link":"https:\/\/observatoriodecampina.com\/?page_id=2051","title":{"rendered":"Riachao do Bacamarte"},"content":{"rendered":"\t\t<div data-elementor-type=\"wp-page\" data-elementor-id=\"2051\" class=\"elementor elementor-2051\" data-elementor-post-type=\"page\">\n\t\t\t\t\t\t<section class=\"elementor-section elementor-top-section elementor-element elementor-element-f7caa2b elementor-section-boxed elementor-section-height-default elementor-section-height-default\" data-id=\"f7caa2b\" data-element_type=\"section\" data-e-type=\"section\">\n\t\t\t\t\t\t<div class=\"elementor-container elementor-column-gap-default\">\n\t\t\t\t\t<div class=\"elementor-column elementor-col-100 elementor-top-column elementor-element elementor-element-aa69be7\" data-id=\"aa69be7\" data-element_type=\"column\" data-e-type=\"column\">\n\t\t\t<div class=\"elementor-widget-wrap elementor-element-populated\">\n\t\t\t\t\t\t<div class=\"elementor-element elementor-element-4f3ecd1 elementor-widget elementor-widget-image\" data-id=\"4f3ecd1\" data-element_type=\"widget\" data-e-type=\"widget\" data-widget_type=\"image.default\">\n\t\t\t\t<div class=\"elementor-widget-container\">\n\t\t\t\t\t\t\t\t\t\t\t\t\t\t\t<img fetchpriority=\"high\" decoding=\"async\" width=\"1024\" height=\"683\" src=\"https:\/\/observatoriodecampina.com\/wp-content\/uploads\/2023\/08\/Riachao-do-Bacamarte.jpg\" class=\"attachment-large size-large wp-image-2055\" alt=\"\" srcset=\"https:\/\/observatoriodecampina.com\/wp-content\/uploads\/2023\/08\/Riachao-do-Bacamarte.jpg 1024w, https:\/\/observatoriodecampina.com\/wp-content\/uploads\/2023\/08\/Riachao-do-Bacamarte-300x200.jpg 300w, https:\/\/observatoriodecampina.com\/wp-content\/uploads\/2023\/08\/Riachao-do-Bacamarte-768x512.jpg 768w\" sizes=\"(max-width: 1024px) 100vw, 1024px\" \/>\t\t\t\t\t\t\t\t\t\t\t\t\t\t\t<\/div>\n\t\t\t\t<\/div>\n\t\t\t\t\t<\/div>\n\t\t<\/div>\n\t\t\t\t\t<\/div>\n\t\t<\/section>\n\t\t\t\t<section class=\"elementor-section elementor-top-section elementor-element elementor-element-0aff330 elementor-section-boxed elementor-section-height-default elementor-section-height-default\" data-id=\"0aff330\" data-element_type=\"section\" data-e-type=\"section\">\n\t\t\t\t\t\t<div class=\"elementor-container elementor-column-gap-default\">\n\t\t\t\t\t<div class=\"elementor-column elementor-col-100 elementor-top-column elementor-element elementor-element-2310841\" data-id=\"2310841\" data-element_type=\"column\" data-e-type=\"column\">\n\t\t\t<div class=\"elementor-widget-wrap elementor-element-populated\">\n\t\t\t\t\t\t<div class=\"elementor-element elementor-element-c1e0224 elementor-widget elementor-widget-heading\" data-id=\"c1e0224\" data-element_type=\"widget\" data-e-type=\"widget\" data-widget_type=\"heading.default\">\n\t\t\t\t<div class=\"elementor-widget-container\">\n\t\t\t\t\t<h2 class=\"elementor-heading-title elementor-size-default\">Popula\u00e7\u00e3o Residente<\/h2>\t\t\t\t<\/div>\n\t\t\t\t<\/div>\n\t\t\t\t\t<\/div>\n\t\t<\/div>\n\t\t\t\t\t<\/div>\n\t\t<\/section>\n\t\t\t\t<section class=\"elementor-section elementor-top-section elementor-element elementor-element-56aef88 elementor-section-boxed elementor-section-height-default elementor-section-height-default\" data-id=\"56aef88\" data-element_type=\"section\" data-e-type=\"section\">\n\t\t\t\t\t\t<div class=\"elementor-container elementor-column-gap-default\">\n\t\t\t\t\t<div class=\"elementor-column elementor-col-100 elementor-top-column elementor-element elementor-element-b043f7a\" data-id=\"b043f7a\" data-element_type=\"column\" data-e-type=\"column\">\n\t\t\t<div class=\"elementor-widget-wrap elementor-element-populated\">\n\t\t\t\t\t\t<div class=\"elementor-element elementor-element-b6cbea7 elementor-widget elementor-widget-html\" data-id=\"b6cbea7\" data-element_type=\"widget\" data-e-type=\"widget\" data-widget_type=\"html.default\">\n\t\t\t\t<div class=\"elementor-widget-container\">\n\t\t\t\t\t<!DOCTYPE html PUBLIC \"-\/\/W3C\/\/DTD XHTML 1.0 Strict\/\/EN\" \"http:\/\/www.w3.org\/TR\/xhtml1\/DTD\/xhtml1-strict.dtd\">\r\n<html xmlns=\"http:\/\/www.w3.org\/1999\/xhtml\" lang=\"pt-br\" xml:lang=\"pt-br\">\r\n    <head>\r\n        <link href=\"https:\/\/sidra.ibge.gov.br\/content\/sidra-widget-tabela.css\" rel=\"stylesheet\" \/>\r\n        <script type=\"text\/javascript\" src=\"https:\/\/sidra.ibge.gov.br\/scripts\/sidra-widget-tabela.js\"><\/script>\r\n    <\/head>\r\n    <body>\r\n        <div data-selection=\"t\/1378\/n3\/25\/n6\/2512754\/v\/allxp\/p\/all\/c1\/all\/c2\/all\/c287\/0\/c455\/0\/l\/v,p+c1+c2,t+c287+c455\" class=\"sidra-widget-table\">\r\n        <\/div>\r\n    <\/body>\r\n<\/html>\t\t\t\t<\/div>\n\t\t\t\t<\/div>\n\t\t\t\t\t<\/div>\n\t\t<\/div>\n\t\t\t\t\t<\/div>\n\t\t<\/section>\n\t\t\t\t<section class=\"elementor-section elementor-top-section elementor-element elementor-element-f0346fb elementor-section-boxed elementor-section-height-default elementor-section-height-default\" data-id=\"f0346fb\" data-element_type=\"section\" data-e-type=\"section\">\n\t\t\t\t\t\t<div class=\"elementor-container elementor-column-gap-default\">\n\t\t\t\t\t<div class=\"elementor-column elementor-col-100 elementor-top-column elementor-element elementor-element-cf64a14\" data-id=\"cf64a14\" data-element_type=\"column\" data-e-type=\"column\">\n\t\t\t<div class=\"elementor-widget-wrap elementor-element-populated\">\n\t\t\t\t\t\t<div class=\"elementor-element elementor-element-5739957 elementor-widget elementor-widget-heading\" data-id=\"5739957\" data-element_type=\"widget\" data-e-type=\"widget\" data-widget_type=\"heading.default\">\n\t\t\t\t<div class=\"elementor-widget-container\">\n\t\t\t\t\t<h2 class=\"elementor-heading-title elementor-size-default\">Uso de \u00c1gua<\/h2>\t\t\t\t<\/div>\n\t\t\t\t<\/div>\n\t\t\t\t\t<\/div>\n\t\t<\/div>\n\t\t\t\t\t<\/div>\n\t\t<\/section>\n\t\t\t\t<section class=\"elementor-section elementor-top-section elementor-element elementor-element-5d310fa elementor-section-boxed elementor-section-height-default elementor-section-height-default\" data-id=\"5d310fa\" data-element_type=\"section\" data-e-type=\"section\">\n\t\t\t\t\t\t<div class=\"elementor-container elementor-column-gap-default\">\n\t\t\t\t\t<div class=\"elementor-column elementor-col-100 elementor-top-column elementor-element elementor-element-674c18f\" data-id=\"674c18f\" data-element_type=\"column\" data-e-type=\"column\">\n\t\t\t<div class=\"elementor-widget-wrap elementor-element-populated\">\n\t\t\t\t\t\t<div class=\"elementor-element elementor-element-8d8ccda elementor-widget elementor-widget-html\" data-id=\"8d8ccda\" data-element_type=\"widget\" data-e-type=\"widget\" data-widget_type=\"html.default\">\n\t\t\t\t<div class=\"elementor-widget-container\">\n\t\t\t\t\t<!DOCTYPE html PUBLIC \"-\/\/W3C\/\/DTD XHTML 1.0 Strict\/\/EN\" \"http:\/\/www.w3.org\/TR\/xhtml1\/DTD\/xhtml1-strict.dtd\">\r\n<html xmlns=\"http:\/\/www.w3.org\/1999\/xhtml\" lang=\"pt-br\" xml:lang=\"pt-br\">\r\n    <head>\r\n        <link href=\"https:\/\/sidra.ibge.gov.br\/content\/sidra-widget-tabela.css\" rel=\"stylesheet\" \/>\r\n        <script type=\"text\/javascript\" src=\"https:\/\/sidra.ibge.gov.br\/scripts\/sidra-widget-tabela.js\"><\/script>\r\n    <\/head>\r\n    <body>\r\n        <div data-selection=\"t\/1773\/n3\/25\/n6\/2512754\/v\/allxp\/p\/last 1\/c11974\/98409,98410,98463\/l\/v,p+c11974,t\" class=\"sidra-widget-table\">\r\n        <\/div>\r\n    <\/body>\r\n<\/html>\t\t\t\t<\/div>\n\t\t\t\t<\/div>\n\t\t\t\t\t<\/div>\n\t\t<\/div>\n\t\t\t\t\t<\/div>\n\t\t<\/section>\n\t\t\t\t<section class=\"elementor-section elementor-top-section elementor-element elementor-element-28f11cd elementor-section-boxed elementor-section-height-default elementor-section-height-default\" data-id=\"28f11cd\" data-element_type=\"section\" data-e-type=\"section\">\n\t\t\t\t\t\t<div class=\"elementor-container elementor-column-gap-default\">\n\t\t\t\t\t<div class=\"elementor-column elementor-col-100 elementor-top-column elementor-element elementor-element-a07df55\" data-id=\"a07df55\" data-element_type=\"column\" data-e-type=\"column\">\n\t\t\t<div class=\"elementor-widget-wrap elementor-element-populated\">\n\t\t\t\t\t\t<div class=\"elementor-element elementor-element-1a5e1ac elementor-widget elementor-widget-heading\" data-id=\"1a5e1ac\" data-element_type=\"widget\" data-e-type=\"widget\" data-widget_type=\"heading.default\">\n\t\t\t\t<div class=\"elementor-widget-container\">\n\t\t\t\t\t<h2 class=\"elementor-heading-title elementor-size-default\">Produ\u00e7\u00e3o Agropecu\u00e1ria<\/h2>\t\t\t\t<\/div>\n\t\t\t\t<\/div>\n\t\t\t\t\t<\/div>\n\t\t<\/div>\n\t\t\t\t\t<\/div>\n\t\t<\/section>\n\t\t\t\t<section class=\"elementor-section elementor-top-section elementor-element elementor-element-b127000 elementor-section-boxed elementor-section-height-default elementor-section-height-default\" data-id=\"b127000\" data-element_type=\"section\" data-e-type=\"section\">\n\t\t\t\t\t\t<div class=\"elementor-container elementor-column-gap-default\">\n\t\t\t\t\t<div class=\"elementor-column elementor-col-100 elementor-top-column elementor-element elementor-element-5f3181f\" data-id=\"5f3181f\" data-element_type=\"column\" data-e-type=\"column\">\n\t\t\t<div class=\"elementor-widget-wrap elementor-element-populated\">\n\t\t\t\t\t\t<div class=\"elementor-element elementor-element-9c6b21a elementor-widget elementor-widget-html\" data-id=\"9c6b21a\" data-element_type=\"widget\" data-e-type=\"widget\" data-widget_type=\"html.default\">\n\t\t\t\t<div class=\"elementor-widget-container\">\n\t\t\t\t\t<!DOCTYPE html PUBLIC \"-\/\/W3C\/\/DTD XHTML 1.0 Strict\/\/EN\" \"http:\/\/www.w3.org\/TR\/xhtml1\/DTD\/xhtml1-strict.dtd\">\r\n<html xmlns=\"http:\/\/www.w3.org\/1999\/xhtml\" lang=\"pt-br\" xml:lang=\"pt-br\">\r\n    <head>\r\n        <link href=\"https:\/\/sidra.ibge.gov.br\/content\/sidra-widget-tabela.css\" rel=\"stylesheet\" \/>\r\n        <script type=\"text\/javascript\" src=\"https:\/\/sidra.ibge.gov.br\/scripts\/sidra-widget-tabela.js\"><\/script>\r\n    <\/head>\r\n    <body>\r\n        <div data-selection=\"t\/6960\/n3\/25\/n6\/2512754\/v\/10098\/p\/all\/c829\/46302,46304\/c12528\/113870\/c218\/46502\/c12517\/113601\/l\/v,p+c829+c12528,t+c218+c12517\" class=\"sidra-widget-table\">\r\n        <\/div>\r\n    <\/body>\r\n<\/html>\t\t\t\t<\/div>\n\t\t\t\t<\/div>\n\t\t\t\t\t<\/div>\n\t\t<\/div>\n\t\t\t\t\t<\/div>\n\t\t<\/section>\n\t\t\t\t<\/div>\n\t\t","protected":false},"excerpt":{"rendered":"<p>Popula\u00e7\u00e3o Residente Uso de \u00c1gua Produ\u00e7\u00e3o Agropecu\u00e1ria<\/p>\n","protected":false},"author":1,"featured_media":0,"parent":0,"menu_order":0,"comment_status":"closed","ping_status":"closed","template":"","meta":{"site-sidebar-layout":"no-sidebar","site-content-layout":"page-builder","ast-site-content-layout":"default","site-content-style":"default","site-sidebar-style":"default","ast-global-header-display":"","ast-banner-title-visibility":"","ast-main-header-display":"","ast-hfb-above-header-display":"","ast-hfb-below-header-display":"","ast-hfb-mobile-header-display":"","site-post-title":"disabled","ast-breadcrumbs-content":"","ast-featured-img":"disabled","footer-sml-layout":"","ast-disable-related-posts":"","theme-transparent-header-meta":"","adv-header-id-meta":"","stick-header-meta":"","header-above-stick-meta":"","header-main-stick-meta":"","header-below-stick-meta":"","astra-migrate-meta-layouts":"default","ast-page-background-enabled":"default","ast-page-background-meta":{"desktop":{"background-color":"var(--ast-global-color-4)","background-image":"","background-repeat":"repeat","background-position":"center center","background-size":"auto","background-attachment":"scroll","background-type":"","background-media":"","overlay-type":"","overlay-color":"","overlay-opacity":"","overlay-gradient":""},"tablet":{"background-color":"","background-image":"","background-repeat":"repeat","background-position":"center center","background-size":"auto","background-attachment":"scroll","background-type":"","background-media":"","overlay-type":"","overlay-color":"","overlay-opacity":"","overlay-gradient":""},"mobile":{"background-color":"","background-image":"","background-repeat":"repeat","background-position":"center center","background-size":"auto","background-attachment":"scroll","background-type":"","background-media":"","overlay-type":"","overlay-color":"","overlay-opacity":"","overlay-gradient":""}},"ast-content-background-meta":{"desktop":{"background-color":"var(--ast-global-color-5)","background-image":"","background-repeat":"repeat","background-position":"center center","background-size":"auto","background-attachment":"scroll","background-type":"","background-media":"","overlay-type":"","overlay-color":"","overlay-opacity":"","overlay-gradient":""},"tablet":{"background-color":"var(--ast-global-color-5)","background-image":"","background-repeat":"repeat","background-position":"center center","background-size":"auto","background-attachment":"scroll","background-type":"","background-media":"","overlay-type":"","overlay-color":"","overlay-opacity":"","overlay-gradient":""},"mobile":{"background-color":"var(--ast-global-color-5)","background-image":"","background-repeat":"repeat","background-position":"center center","background-size":"auto","background-attachment":"scroll","background-type":"","background-media":"","overlay-type":"","overlay-color":"","overlay-opacity":"","overlay-gradient":""}},"footnotes":""},"class_list":["post-2051","page","type-page","status-publish","hentry"],"aioseo_notices":[],"_links":{"self":[{"href":"https:\/\/observatoriodecampina.com\/index.php?rest_route=\/wp\/v2\/pages\/2051","targetHints":{"allow":["GET"]}}],"collection":[{"href":"https:\/\/observatoriodecampina.com\/index.php?rest_route=\/wp\/v2\/pages"}],"about":[{"href":"https:\/\/observatoriodecampina.com\/index.php?rest_route=\/wp\/v2\/types\/page"}],"author":[{"embeddable":true,"href":"https:\/\/observatoriodecampina.com\/index.php?rest_route=\/wp\/v2\/users\/1"}],"replies":[{"embeddable":true,"href":"https:\/\/observatoriodecampina.com\/index.php?rest_route=%2Fwp%2Fv2%2Fcomments&post=2051"}],"version-history":[{"count":5,"href":"https:\/\/observatoriodecampina.com\/index.php?rest_route=\/wp\/v2\/pages\/2051\/revisions"}],"predecessor-version":[{"id":2160,"href":"https:\/\/observatoriodecampina.com\/index.php?rest_route=\/wp\/v2\/pages\/2051\/revisions\/2160"}],"wp:attachment":[{"href":"https:\/\/observatoriodecampina.com\/index.php?rest_route=%2Fwp%2Fv2%2Fmedia&parent=2051"}],"curies":[{"name":"wp","href":"https:\/\/api.w.org\/{rel}","templated":true}]}}